{"id":1637,"date":"2025-08-21T10:31:29","date_gmt":"2025-08-21T13:31:29","guid":{"rendered":"https:\/\/paipe.com\/?page_id=1637"},"modified":"2026-01-05T15:41:22","modified_gmt":"2026-01-05T18:41:22","slug":"compliance","status":"publish","type":"page","link":"https:\/\/paipe.com\/en\/compliance\/","title":{"rendered":"Compliance"},"content":{"rendered":"<h2><strong>Our Principles: The Paipe Way of Doing Business<\/strong><\/h2>\n<p>For Paipe, integrity isn&#039;t just a word, it&#039;s the pillar that supports each of our actions. We believe that how we achieve our goals is as important as the results themselves.<\/p>\n<p>We value and cultivate relationships of transparency and mutual respect with our employees, clients, and partners, building long-term partnerships based on trust. We are committed to fostering an environment that celebrates the dignity and individuality of each individual, ensuring a space free from any type of discrimination. It is based on these principles that we build a future of ethical and sustainable growth.<\/p>","protected":false},"excerpt":{"rendered":"<p>Our Principles: The Paipe Way of Doing Business. For Paipe, integrity is not just a word, but the pillar that sustains each of our actions. We believe that how we achieve our goals is as important as the results themselves. We value and cultivate relationships of transparency and mutual respect with our employees, [\u2026]<\/p>","protected":false},"author":1,"featured_media":0,"parent":0,"menu_order":2,"comment_status":"closed","ping_status":"closed","template":"","meta":{"_acf_changed":false,"inline_featured_image":false,"footnotes":""},"class_list":["post-1637","page","type-page","status-publish","hentry"],"acf":[],"yoast_head":"<!-- This site is optimized with the Yoast SEO plugin v26.9 - https:\/\/yoast.com\/product\/yoast-seo-wordpress\/ -->\n<title>Compliance - Paipe<\/title>\n<meta name=\"description\" content=\"Na Paipe, a integridade guia cada a\u00e7\u00e3o. Valorizamos transpar\u00eancia, respeito e diversidade para construir um crescimento \u00e9tico e sustent\u00e1vel\" \/>\n<meta name=\"robots\" content=\"index, follow, max-snippet:-1, max-image-preview:large, max-video-preview:-1\" \/>\n<link rel=\"canonical\" href=\"https:\/\/paipe.com\/en\/compliance\/\" \/>\n<meta property=\"og:locale\" content=\"en_US\" \/>\n<meta property=\"og:type\" content=\"article\" \/>\n<meta property=\"og:title\" content=\"Compliance - Paipe\" \/>\n<meta property=\"og:description\" content=\"Na Paipe, a integridade guia cada a\u00e7\u00e3o. Valorizamos transpar\u00eancia, respeito e diversidade para construir um crescimento \u00e9tico e sustent\u00e1vel\" \/>\n<meta property=\"og:url\" content=\"https:\/\/paipe.com\/en\/compliance\/\" \/>\n<meta property=\"og:site_name\" content=\"Paipe\" \/>\n<meta property=\"article:modified_time\" content=\"2026-01-05T18:41:22+00:00\" \/>\n<meta property=\"og:image\" content=\"https:\/\/paipe.com\/wp-content\/uploads\/2025\/07\/paipe-thumb.webp\" \/>\n\t<meta property=\"og:image:width\" content=\"1200\" \/>\n\t<meta property=\"og:image:height\" content=\"675\" \/>\n\t<meta property=\"og:image:type\" content=\"image\/png\" \/>\n<meta name=\"twitter:card\" content=\"summary_large_image\" \/>\n<meta name=\"twitter:label1\" content=\"Est. reading time\" \/>\n\t<meta name=\"twitter:data1\" content=\"1 minute\" \/>\n<script type=\"application\/ld+json\" class=\"yoast-schema-graph\">{\"@context\":\"https:\/\/schema.org\",\"@graph\":[{\"@type\":\"WebPage\",\"@id\":\"https:\/\/paipe.com\/compliance\/\",\"url\":\"https:\/\/paipe.com\/compliance\/\",\"name\":\"Compliance - Paipe\",\"isPartOf\":{\"@id\":\"https:\/\/previews.elleven.digital\/paipe\/#website\"},\"datePublished\":\"2025-08-21T13:31:29+00:00\",\"dateModified\":\"2026-01-05T18:41:22+00:00\",\"description\":\"Na Paipe, a integridade guia cada a\u00e7\u00e3o. Valorizamos transpar\u00eancia, respeito e diversidade para construir um crescimento \u00e9tico e sustent\u00e1vel\",\"breadcrumb\":{\"@id\":\"https:\/\/paipe.com\/compliance\/#breadcrumb\"},\"inLanguage\":\"en-US\",\"potentialAction\":[{\"@type\":\"ReadAction\",\"target\":[\"https:\/\/paipe.com\/compliance\/\"]}]},{\"@type\":\"BreadcrumbList\",\"@id\":\"https:\/\/paipe.com\/compliance\/#breadcrumb\",\"itemListElement\":[{\"@type\":\"ListItem\",\"position\":1,\"name\":\"In\u00edcio\",\"item\":\"https:\/\/paipe.com\/\"},{\"@type\":\"ListItem\",\"position\":2,\"name\":\"Compliance\"}]},{\"@type\":\"WebSite\",\"@id\":\"https:\/\/previews.elleven.digital\/paipe\/#website\",\"url\":\"https:\/\/previews.elleven.digital\/paipe\/\",\"name\":\"Paipe\",\"description\":\"Tecnologia para transformar o futuro\",\"publisher\":{\"@id\":\"https:\/\/previews.elleven.digital\/paipe\/#organization\"},\"alternateName\":\"Paipe\",\"potentialAction\":[{\"@type\":\"SearchAction\",\"target\":{\"@type\":\"EntryPoint\",\"urlTemplate\":\"https:\/\/previews.elleven.digital\/paipe\/?s={search_term_string}\"},\"query-input\":{\"@type\":\"PropertyValueSpecification\",\"valueRequired\":true,\"valueName\":\"search_term_string\"}}],\"inLanguage\":\"en-US\"},{\"@type\":\"Organization\",\"@id\":\"https:\/\/previews.elleven.digital\/paipe\/#organization\",\"name\":\"Paipe\",\"url\":\"https:\/\/previews.elleven.digital\/paipe\/\",\"logo\":{\"@type\":\"ImageObject\",\"inLanguage\":\"en-US\",\"@id\":\"https:\/\/previews.elleven.digital\/paipe\/#\/schema\/logo\/image\/\",\"url\":\"https:\/\/paipe.com\/wp-content\/uploads\/2025\/01\/paipe.svg\",\"contentUrl\":\"https:\/\/paipe.com\/wp-content\/uploads\/2025\/01\/paipe.svg\",\"width\":156,\"height\":40,\"caption\":\"Paipe\"},\"image\":{\"@id\":\"https:\/\/previews.elleven.digital\/paipe\/#\/schema\/logo\/image\/\"}}]}<\/script>\n<!-- \/ Yoast SEO plugin. -->","yoast_head_json":{"title":"Compliance - Pay","description":"At Paipe, integrity guides every action. We value transparency, respect, and diversity to build ethical and sustainable growth.","robots":{"index":"index","follow":"follow","max-snippet":"max-snippet:-1","max-image-preview":"max-image-preview:large","max-video-preview":"max-video-preview:-1"},"canonical":"https:\/\/paipe.com\/en\/compliance\/","og_locale":"en_US","og_type":"article","og_title":"Compliance - Paipe","og_description":"Na Paipe, a integridade guia cada a\u00e7\u00e3o. Valorizamos transpar\u00eancia, respeito e diversidade para construir um crescimento \u00e9tico e sustent\u00e1vel","og_url":"https:\/\/paipe.com\/en\/compliance\/","og_site_name":"Paipe","article_modified_time":"2026-01-05T18:41:22+00:00","og_image":[{"width":1200,"height":675,"url":"https:\/\/paipe.com\/wp-content\/uploads\/2025\/07\/paipe-thumb.webp","type":"image\/png"}],"twitter_card":"summary_large_image","twitter_misc":{"Est. reading time":"1 minute"},"schema":{"@context":"https:\/\/schema.org","@graph":[{"@type":"WebPage","@id":"https:\/\/paipe.com\/compliance\/","url":"https:\/\/paipe.com\/compliance\/","name":"Compliance - Pay","isPartOf":{"@id":"https:\/\/previews.elleven.digital\/paipe\/#website"},"datePublished":"2025-08-21T13:31:29+00:00","dateModified":"2026-01-05T18:41:22+00:00","description":"At Paipe, integrity guides every action. We value transparency, respect, and diversity to build ethical and sustainable growth.","breadcrumb":{"@id":"https:\/\/paipe.com\/compliance\/#breadcrumb"},"inLanguage":"en-US","potentialAction":[{"@type":"ReadAction","target":["https:\/\/paipe.com\/compliance\/"]}]},{"@type":"BreadcrumbList","@id":"https:\/\/paipe.com\/compliance\/#breadcrumb","itemListElement":[{"@type":"ListItem","position":1,"name":"In\u00edcio","item":"https:\/\/paipe.com\/"},{"@type":"ListItem","position":2,"name":"Compliance"}]},{"@type":"WebSite","@id":"https:\/\/previews.elleven.digital\/paipe\/#website","url":"https:\/\/previews.elleven.digital\/paipe\/","name":"Dad","description":"Technology to transform the future","publisher":{"@id":"https:\/\/previews.elleven.digital\/paipe\/#organization"},"alternateName":"Paipe","potentialAction":[{"@type":"SearchAction","target":{"@type":"EntryPoint","urlTemplate":"https:\/\/previews.elleven.digital\/paipe\/?s={search_term_string}"},"query-input":{"@type":"PropertyValueSpecification","valueRequired":true,"valueName":"search_term_string"}}],"inLanguage":"en-US"},{"@type":"Organization","@id":"https:\/\/previews.elleven.digital\/paipe\/#organization","name":"Dad","url":"https:\/\/previews.elleven.digital\/paipe\/","logo":{"@type":"ImageObject","inLanguage":"en-US","@id":"https:\/\/previews.elleven.digital\/paipe\/#\/schema\/logo\/image\/","url":"https:\/\/paipe.com\/wp-content\/uploads\/2025\/01\/paipe.svg","contentUrl":"https:\/\/paipe.com\/wp-content\/uploads\/2025\/01\/paipe.svg","width":156,"height":40,"caption":"Paipe"},"image":{"@id":"https:\/\/previews.elleven.digital\/paipe\/#\/schema\/logo\/image\/"}}]}},"_links":{"self":[{"href":"https:\/\/paipe.com\/en\/wp-json\/wp\/v2\/pages\/1637","targetHints":{"allow":["GET"]}}],"collection":[{"href":"https:\/\/paipe.com\/en\/wp-json\/wp\/v2\/pages"}],"about":[{"href":"https:\/\/paipe.com\/en\/wp-json\/wp\/v2\/types\/page"}],"author":[{"embeddable":true,"href":"https:\/\/paipe.com\/en\/wp-json\/wp\/v2\/users\/1"}],"replies":[{"embeddable":true,"href":"https:\/\/paipe.com\/en\/wp-json\/wp\/v2\/comments?post=1637"}],"version-history":[{"count":6,"href":"https:\/\/paipe.com\/en\/wp-json\/wp\/v2\/pages\/1637\/revisions"}],"predecessor-version":[{"id":1661,"href":"https:\/\/paipe.com\/en\/wp-json\/wp\/v2\/pages\/1637\/revisions\/1661"}],"wp:attachment":[{"href":"https:\/\/paipe.com\/en\/wp-json\/wp\/v2\/media?parent=1637"}],"curies":[{"name":"wp","href":"https:\/\/api.w.org\/{rel}","templated":true}]}}