{"id":410,"date":"2024-09-20T11:29:16","date_gmt":"2024-09-20T14:29:16","guid":{"rendered":"https:\/\/paipe.com\/?page_id=410"},"modified":"2026-03-31T11:19:41","modified_gmt":"2026-03-31T14:19:41","slug":"blog","status":"publish","type":"page","link":"https:\/\/paipe.com\/en\/blog\/","title":{"rendered":"Blog"},"content":{"rendered":"","protected":false},"excerpt":{"rendered":"","protected":false},"author":1,"featured_media":0,"parent":0,"menu_order":8,"comment_status":"closed","ping_status":"closed","template":"","meta":{"_acf_changed":false,"inline_featured_image":false,"footnotes":""},"class_list":["post-410","page","type-page","status-publish","hentry"],"acf":[],"yoast_head":"<!-- This site is optimized with the Yoast SEO plugin v26.9 - https:\/\/yoast.com\/product\/yoast-seo-wordpress\/ -->\n<title>Blog Paipe | Tecnologia, Neg\u00f3cios Digitais e IA para Empresas<\/title>\n<meta name=\"description\" content=\"O blog da Paipe: not\u00edcias, insights e tend\u00eancias sobre tecnologia, intelig\u00eancia artificial e inova\u00e7\u00e3o. Conte\u00fado feito para quem busca o futuro digital.\" \/>\n<meta name=\"robots\" content=\"index, follow, max-snippet:-1, max-image-preview:large, max-video-preview:-1\" \/>\n<link rel=\"canonical\" href=\"https:\/\/paipe.com\/en\/blog\/\" \/>\n<meta property=\"og:locale\" content=\"en_US\" \/>\n<meta property=\"og:type\" content=\"article\" \/>\n<meta property=\"og:title\" content=\"Blog Paipe | Tecnologia, Neg\u00f3cios Digitais e IA para Empresas\" \/>\n<meta property=\"og:description\" content=\"O blog da Paipe: not\u00edcias, insights e tend\u00eancias sobre tecnologia, intelig\u00eancia artificial e inova\u00e7\u00e3o. Conte\u00fado feito para quem busca o futuro digital.\" \/>\n<meta property=\"og:url\" content=\"https:\/\/paipe.com\/en\/blog\/\" \/>\n<meta property=\"og:site_name\" content=\"Paipe\" \/>\n<meta property=\"article:modified_time\" content=\"2026-03-31T14:19:41+00:00\" \/>\n<meta property=\"og:image\" content=\"https:\/\/paipe.com\/wp-content\/uploads\/2025\/07\/paipe-thumb.webp\" \/>\n\t<meta property=\"og:image:width\" content=\"1200\" \/>\n\t<meta property=\"og:image:height\" content=\"675\" \/>\n\t<meta property=\"og:image:type\" content=\"image\/png\" \/>\n<meta name=\"twitter:card\" content=\"summary_large_image\" \/>\n<script type=\"application\/ld+json\" class=\"yoast-schema-graph\">{\"@context\":\"https:\/\/schema.org\",\"@graph\":[{\"@type\":\"WebPage\",\"@id\":\"https:\/\/paipe.com\/blog\/\",\"url\":\"https:\/\/paipe.com\/blog\/\",\"name\":\"Blog Paipe | Tecnologia, Neg\u00f3cios Digitais e IA para Empresas\",\"isPartOf\":{\"@id\":\"https:\/\/previews.elleven.digital\/paipe\/#website\"},\"datePublished\":\"2024-09-20T14:29:16+00:00\",\"dateModified\":\"2026-03-31T14:19:41+00:00\",\"description\":\"O blog da Paipe: not\u00edcias, insights e tend\u00eancias sobre tecnologia, intelig\u00eancia artificial e inova\u00e7\u00e3o. Conte\u00fado feito para quem busca o futuro digital.\",\"breadcrumb\":{\"@id\":\"https:\/\/paipe.com\/blog\/#breadcrumb\"},\"inLanguage\":\"en-US\",\"potentialAction\":[{\"@type\":\"ReadAction\",\"target\":[\"https:\/\/paipe.com\/blog\/\"]}]},{\"@type\":\"BreadcrumbList\",\"@id\":\"https:\/\/paipe.com\/blog\/#breadcrumb\",\"itemListElement\":[{\"@type\":\"ListItem\",\"position\":1,\"name\":\"In\u00edcio\",\"item\":\"https:\/\/paipe.com\/\"},{\"@type\":\"ListItem\",\"position\":2,\"name\":\"Blog\"}]},{\"@type\":\"WebSite\",\"@id\":\"https:\/\/previews.elleven.digital\/paipe\/#website\",\"url\":\"https:\/\/previews.elleven.digital\/paipe\/\",\"name\":\"Paipe\",\"description\":\"Tecnologia para transformar o futuro\",\"publisher\":{\"@id\":\"https:\/\/previews.elleven.digital\/paipe\/#organization\"},\"alternateName\":\"Paipe\",\"potentialAction\":[{\"@type\":\"SearchAction\",\"target\":{\"@type\":\"EntryPoint\",\"urlTemplate\":\"https:\/\/previews.elleven.digital\/paipe\/?s={search_term_string}\"},\"query-input\":{\"@type\":\"PropertyValueSpecification\",\"valueRequired\":true,\"valueName\":\"search_term_string\"}}],\"inLanguage\":\"en-US\"},{\"@type\":\"Organization\",\"@id\":\"https:\/\/previews.elleven.digital\/paipe\/#organization\",\"name\":\"Paipe\",\"url\":\"https:\/\/previews.elleven.digital\/paipe\/\",\"logo\":{\"@type\":\"ImageObject\",\"inLanguage\":\"en-US\",\"@id\":\"https:\/\/previews.elleven.digital\/paipe\/#\/schema\/logo\/image\/\",\"url\":\"https:\/\/paipe.com\/wp-content\/uploads\/2025\/01\/paipe.svg\",\"contentUrl\":\"https:\/\/paipe.com\/wp-content\/uploads\/2025\/01\/paipe.svg\",\"width\":156,\"height\":40,\"caption\":\"Paipe\"},\"image\":{\"@id\":\"https:\/\/previews.elleven.digital\/paipe\/#\/schema\/logo\/image\/\"}}]}<\/script>\n<!-- \/ Yoast SEO plugin. -->","yoast_head_json":{"title":"Paipe Blog | Technology, Digital Business and AI for Companies","description":"Paipe&#039;s blog: news, insights, and trends on technology, artificial intelligence, and innovation. Content made for those seeking the digital future.","robots":{"index":"index","follow":"follow","max-snippet":"max-snippet:-1","max-image-preview":"max-image-preview:large","max-video-preview":"max-video-preview:-1"},"canonical":"https:\/\/paipe.com\/en\/blog\/","og_locale":"en_US","og_type":"article","og_title":"Blog Paipe | Tecnologia, Neg\u00f3cios Digitais e IA para Empresas","og_description":"O blog da Paipe: not\u00edcias, insights e tend\u00eancias sobre tecnologia, intelig\u00eancia artificial e inova\u00e7\u00e3o. Conte\u00fado feito para quem busca o futuro digital.","og_url":"https:\/\/paipe.com\/en\/blog\/","og_site_name":"Paipe","article_modified_time":"2026-03-31T14:19:41+00:00","og_image":[{"width":1200,"height":675,"url":"https:\/\/paipe.com\/wp-content\/uploads\/2025\/07\/paipe-thumb.webp","type":"image\/png"}],"twitter_card":"summary_large_image","schema":{"@context":"https:\/\/schema.org","@graph":[{"@type":"WebPage","@id":"https:\/\/paipe.com\/blog\/","url":"https:\/\/paipe.com\/blog\/","name":"Paipe Blog | Technology, Digital Business and AI for Companies","isPartOf":{"@id":"https:\/\/previews.elleven.digital\/paipe\/#website"},"datePublished":"2024-09-20T14:29:16+00:00","dateModified":"2026-03-31T14:19:41+00:00","description":"Paipe&#039;s blog: news, insights, and trends on technology, artificial intelligence, and innovation. Content made for those seeking the digital future.","breadcrumb":{"@id":"https:\/\/paipe.com\/blog\/#breadcrumb"},"inLanguage":"en-US","potentialAction":[{"@type":"ReadAction","target":["https:\/\/paipe.com\/blog\/"]}]},{"@type":"BreadcrumbList","@id":"https:\/\/paipe.com\/blog\/#breadcrumb","itemListElement":[{"@type":"ListItem","position":1,"name":"In\u00edcio","item":"https:\/\/paipe.com\/"},{"@type":"ListItem","position":2,"name":"Blog"}]},{"@type":"WebSite","@id":"https:\/\/previews.elleven.digital\/paipe\/#website","url":"https:\/\/previews.elleven.digital\/paipe\/","name":"Dad","description":"Technology to transform the future","publisher":{"@id":"https:\/\/previews.elleven.digital\/paipe\/#organization"},"alternateName":"Paipe","potentialAction":[{"@type":"SearchAction","target":{"@type":"EntryPoint","urlTemplate":"https:\/\/previews.elleven.digital\/paipe\/?s={search_term_string}"},"query-input":{"@type":"PropertyValueSpecification","valueRequired":true,"valueName":"search_term_string"}}],"inLanguage":"en-US"},{"@type":"Organization","@id":"https:\/\/previews.elleven.digital\/paipe\/#organization","name":"Dad","url":"https:\/\/previews.elleven.digital\/paipe\/","logo":{"@type":"ImageObject","inLanguage":"en-US","@id":"https:\/\/previews.elleven.digital\/paipe\/#\/schema\/logo\/image\/","url":"https:\/\/paipe.com\/wp-content\/uploads\/2025\/01\/paipe.svg","contentUrl":"https:\/\/paipe.com\/wp-content\/uploads\/2025\/01\/paipe.svg","width":156,"height":40,"caption":"Paipe"},"image":{"@id":"https:\/\/previews.elleven.digital\/paipe\/#\/schema\/logo\/image\/"}}]}},"_links":{"self":[{"href":"https:\/\/paipe.com\/en\/wp-json\/wp\/v2\/pages\/410","targetHints":{"allow":["GET"]}}],"collection":[{"href":"https:\/\/paipe.com\/en\/wp-json\/wp\/v2\/pages"}],"about":[{"href":"https:\/\/paipe.com\/en\/wp-json\/wp\/v2\/types\/page"}],"author":[{"embeddable":true,"href":"https:\/\/paipe.com\/en\/wp-json\/wp\/v2\/users\/1"}],"replies":[{"embeddable":true,"href":"https:\/\/paipe.com\/en\/wp-json\/wp\/v2\/comments?post=410"}],"version-history":[{"count":17,"href":"https:\/\/paipe.com\/en\/wp-json\/wp\/v2\/pages\/410\/revisions"}],"predecessor-version":[{"id":2132,"href":"https:\/\/paipe.com\/en\/wp-json\/wp\/v2\/pages\/410\/revisions\/2132"}],"wp:attachment":[{"href":"https:\/\/paipe.com\/en\/wp-json\/wp\/v2\/media?parent=410"}],"curies":[{"name":"wp","href":"https:\/\/api.w.org\/{rel}","templated":true}]}}