{"id":612,"date":"2024-10-03T17:08:17","date_gmt":"2024-10-03T20:08:17","guid":{"rendered":"https:\/\/paipe.com\/?page_id=612"},"modified":"2025-04-07T16:18:57","modified_gmt":"2025-04-07T19:18:57","slug":"privacy-policy","status":"publish","type":"page","link":"https:\/\/paipe.com\/en\/politica-de-privacidade\/","title":{"rendered":"Privacy Policy"},"content":{"rendered":"<p class=\"p1\">Your privacy is important to us. It is policy\u00a0<span class=\"s1\">from Paipe <\/span>respect your privacy regarding any information we may collect from you on our website.<\/p>\n<p class=\"p1\">We only ask for personal information when we truly need it to provide a service to you. We collect it by fair and lawful means, with your knowledge and consent. We also let you know why we\u2019re collecting it and how it will be used.<\/p>\n<p class=\"p1\">We only retain collected information for as long as necessary to provide you with your requested service. What data we store, we\u2019ll protect it within commercially acceptable means to prevent loss and theft, as well as unauthorized access, disclosure, copying, use or modification.<\/p>\n<p class=\"p1\">We don\u2019t share any personally identifying information publicly or with third-parties, except when required to by law.<\/p>\n<p class=\"p1\">Our website may link to external sites that are not operated by us. Please be aware that we have no control over the content and practices of these sites, and cannot accept responsibility or liability for their respective privacy policies.<\/p>\n<p class=\"p1\">You are free to refuse our request for your personal information, with the understanding that we may be unable to provide you with some of your desired services.<\/p>\n<p class=\"p2\">Your continued use of our website will be regarded as acceptance of our practices around privacy and personal information. If you have any questions about how we handle user data and personal information, feel free to contact us.<\/p>\n<h2 class=\"p3 wp-block-heading\"><b>Cookies Policy<\/b><\/h2>\n<h3 class=\"p4\"><b>What are cookies?<\/b><\/h3>\n<p class=\"p2\">As is common practice with almost all professional websites this site uses cookies, which are tiny files that are downloaded to your computer, to improve your experience. This page describes what information they gather, how we use it and why we sometimes need to store these cookies. We will also share how you can prevent cookies from being stored however this may downgrade or &#039;break&#039; certain elements of the sites functionality.<\/p>\n<h3 class=\"p4\"><b>How do we use cookies?<\/b><\/h3>\n<p class=\"p2\">We use cookies for a variety of reasons detailed below. Unfortunately in most cases there are no industry standard options for disabling cookies without completely disabling the functionality and features they add to this site. It is recommended that you leave on all cookies if you are not sure whether you need them or not to receive our services.<\/p>\n<h3 class=\"p4\"><b>Disable cookies<\/b><\/h3>\n<p class=\"p2\">You can prevent the setting of cookies by adjusting the settings on your browser (see your browser Help for how to do this). Be aware that disabling cookies will affect the functionality of this and many other websites that you visit. Disabling cookies will usually result in also disabling certain functionality and features of the this site. Therefore it is recommended that you do not disable cookies.<\/p>\n<h3 class=\"p5\"><b>Cookies we set<\/b><\/h3>\n<ul class=\"ul1\">\n<li class=\"li6\"><span class=\"s3\">Account related cookies: If you create an account with us then we will use cookies for the management of the signup process and general administration. These cookies will usually be deleted when you log out however in some cases they may remain afterwards to remember your site preferences when logged out.<\/span><\/li>\n<li class=\"li6\"><span class=\"s3\">Login related cookies: We use cookies when you are logged in so that we can remember this fact. This prevents you from having to log in every single time you visit a new page. These cookies are typically removed or cleared when you log out to ensure that you can only access restricted features and areas when logged in.<\/span><\/li>\n<li class=\"li6\"><span class=\"s3\">Email newsletters related cookies: This site offers newsletter or email subscription services and cookies may be used to remember if you are already registered and whether to show certain notifications which might only be valid to subscribed\/unsubscribed users.<\/span><\/li>\n<li class=\"li6\"><span class=\"s3\">Order processing related cookies: This site offers e-commerce or payment facilities and some cookies are essential to ensure that your order is remembered between pages so we can process it properly.<\/span><\/li>\n<li class=\"li6\"><span class=\"s3\">Survey-related cookies: From time to time, we offer surveys and questionnaires to provide you with interesting insights, helpful tools, or to understand our user base more accurately. These surveys may use cookies to remember who has already taken part in a previous survey or to provide you with accurate results after you change pages.<\/span><\/li>\n<li class=\"li6\"><span class=\"s3\">Forms related cookies: When you submit data through a form such as those found on contact pages or comments cookies may be set to remember your user details for future correspondence.<\/span><\/li>\n<li class=\"li7\"><span class=\"s3\">Site preferences cookies: In order to provide you with a great experience on this site we provide the functionality to set your preferences for how the site runs when you use it. In order to remember your preferences we need to set cookies so that this information can be presented whenever you interact with a page is affected by your preferences.<\/span><\/li>\n<\/ul>\n<h3 class=\"p4\"><b>Third Party Cookies<\/b><\/h3>\n<p class=\"p8\">In some special cases we also use cookies provided by trusted third parties. The following section details which third party cookies you might encounter through this site.<\/p>\n<ul class=\"ul1\">\n<li class=\"li6\"><span class=\"s3\">This site uses Google Analytics which is one of the most widespread and trusted analytics solution on the web for helping us to understand how you use the site and ways that we can improve your experience. These cookies may track things such as how long you spend on the site and the pages that you visit so we can continue to produce engaging content. For more information on Google Analytics cookies, see the official platform page.<\/span><\/li>\n<li class=\"li6\"><span class=\"s3\">Third party analytics are used to track and measure usage of this site so that we can continue to produce engaging content. These cookies may track things such as how long you spend on the site or the pages you visit which helps us to understand how we can improve the site for you.<\/span><\/li>\n<li class=\"li6\"><span class=\"s3\">From time to time we test new features and make subtle changes to the way that the site is delivered. When we are still testing new features these cookies may be used to ensure that you receive a consistent experience whilst on the site whilst ensuring we understand which optimisations our users appreciate the most.<\/span><\/li>\n<li class=\"li7\"><span class=\"s3\">As we sell products it\u2019s important for us to understand statistics about how many of the visitors to our site actually make a purchase and as such this is the kind of data that these cookies will track. This is important to you as it means that we can accurately make business predictions that allow us to monitor our advertising and product costs to ensure the best possible price.<\/span><\/li>\n<\/ul>\n<h2 class=\"p9\"><b>User Commitment<\/b><\/h2>\n<p class=\"p1\">The user undertakes to make appropriate use of the contents and information that\u00a0<span class=\"s1\">to Paipe <\/span>offers on the website and, by way of example but not limited to:<\/p>\n<ul class=\"ul1\">\n<li class=\"li10\"><span class=\"s3\">Not to engage in activities that are illegal or contrary to good faith and public order;<\/span><\/li>\n<li class=\"li10\"><span class=\"s3\">Do not disseminate propaganda or content of a racist or xenophobic nature, sports betting, games of chance or any type of illegal pornography, advocacy of terrorism or against human rights;<\/span><\/li>\n<li class=\"li7\"><span class=\"s3\">Do not cause damage to physical (hardware) and logical (software) systems\u00a0<\/span><span class=\"s1\">from Paipe<\/span><span class=\"s3\">, its suppliers or third parties, to introduce or disseminate computer viruses or any other hardware or software systems that are capable of causing the aforementioned damage.<\/span><\/li>\n<\/ul>\n<h2 class=\"p9\"><b>More information<\/b><\/h2>\n<p class=\"p8\">Hopefully that has clarified things for you and as was previously mentioned if there is a situation where you aren&#039;t sure whether you need cookies or not it&#039;s usually safer to leave them enabled as they may interact with one of the features you use on our site.<\/p>","protected":false},"excerpt":{"rendered":"<p>A sua privacidade \u00e9 importante para n\u00f3s. \u00c9 pol\u00edtica\u00a0da Paipe respeitar a sua privacidade em rela\u00e7\u00e3o a qualquer informa\u00e7\u00e3o sua que possamos coletar em nosso site. Solicitamos informa\u00e7\u00f5es pessoais apenas quando realmente precisamos delas para lhe fornecer um servi\u00e7o. Fazemo-lo por meios justos e legais, com o seu conhecimento e consentimento. Al\u00e9m disso, informamos o [&hellip;]<\/p>\n","protected":false},"author":1,"featured_media":0,"parent":0,"menu_order":3,"comment_status":"closed","ping_status":"closed","template":"","meta":{"_acf_changed":false,"inline_featured_image":false,"footnotes":""},"class_list":["post-612","page","type-page","status-publish","hentry"],"acf":[],"yoast_head":"<!-- This site is optimized with the Yoast SEO plugin v27.4 - https:\/\/yoast.com\/product\/yoast-seo-wordpress\/ -->\n<title>Pol\u00edtica de privacidade - Paipe<\/title>\n<meta name=\"description\" content=\"A sua privacidade \u00e9 importante para n\u00f3s. \u00c9 pol\u00edtica\u00a0da Paipe respeitar a sua privacidade em rela\u00e7\u00e3o a qualquer informa\u00e7\u00e3o sua que possamos coletar em nosso site\" \/>\n<meta name=\"robots\" content=\"index, follow, max-snippet:-1, max-image-preview:large, max-video-preview:-1\" \/>\n<link rel=\"canonical\" href=\"https:\/\/paipe.com\/en\/privacy-policy\/\" \/>\n<meta property=\"og:locale\" content=\"en_US\" \/>\n<meta property=\"og:type\" content=\"article\" \/>\n<meta property=\"og:title\" content=\"Pol\u00edtica de privacidade - Paipe\" \/>\n<meta property=\"og:description\" content=\"A sua privacidade \u00e9 importante para n\u00f3s. \u00c9 pol\u00edtica\u00a0da Paipe respeitar a sua privacidade em rela\u00e7\u00e3o a qualquer informa\u00e7\u00e3o sua que possamos coletar em nosso site\" \/>\n<meta property=\"og:url\" content=\"https:\/\/paipe.com\/en\/privacy-policy\/\" \/>\n<meta property=\"og:site_name\" content=\"Paipe\" \/>\n<meta property=\"article:modified_time\" content=\"2025-04-07T19:18:57+00:00\" \/>\n<meta property=\"og:image\" content=\"https:\/\/paipe.com\/wp-content\/uploads\/2025\/07\/paipe-thumb.webp\" \/>\n\t<meta property=\"og:image:width\" content=\"1200\" \/>\n\t<meta property=\"og:image:height\" content=\"675\" \/>\n\t<meta property=\"og:image:type\" content=\"image\/png\" \/>\n<meta name=\"twitter:card\" content=\"summary_large_image\" \/>\n<meta name=\"twitter:label1\" content=\"Est. reading time\" \/>\n\t<meta name=\"twitter:data1\" content=\"7 minutes\" \/>\n<script type=\"application\/ld+json\" class=\"yoast-schema-graph\">{\"@context\":\"https:\\\/\\\/schema.org\",\"@graph\":[{\"@type\":\"WebPage\",\"@id\":\"https:\\\/\\\/paipe.com\\\/politica-de-privacidade\\\/\",\"url\":\"https:\\\/\\\/paipe.com\\\/politica-de-privacidade\\\/\",\"name\":\"Pol\u00edtica de privacidade - Paipe\",\"isPartOf\":{\"@id\":\"https:\\\/\\\/previews.elleven.digital\\\/paipe\\\/#website\"},\"datePublished\":\"2024-10-03T20:08:17+00:00\",\"dateModified\":\"2025-04-07T19:18:57+00:00\",\"description\":\"A sua privacidade \u00e9 importante para n\u00f3s. \u00c9 pol\u00edtica\u00a0da Paipe respeitar a sua privacidade em rela\u00e7\u00e3o a qualquer informa\u00e7\u00e3o sua que possamos coletar em nosso site\",\"breadcrumb\":{\"@id\":\"https:\\\/\\\/paipe.com\\\/politica-de-privacidade\\\/#breadcrumb\"},\"inLanguage\":\"en-US\",\"potentialAction\":[{\"@type\":\"ReadAction\",\"target\":[\"https:\\\/\\\/paipe.com\\\/politica-de-privacidade\\\/\"]}]},{\"@type\":\"BreadcrumbList\",\"@id\":\"https:\\\/\\\/paipe.com\\\/politica-de-privacidade\\\/#breadcrumb\",\"itemListElement\":[{\"@type\":\"ListItem\",\"position\":1,\"name\":\"In\u00edcio\",\"item\":\"https:\\\/\\\/paipe.com\\\/\"},{\"@type\":\"ListItem\",\"position\":2,\"name\":\"Pol\u00edtica de privacidade\"}]},{\"@type\":\"WebSite\",\"@id\":\"https:\\\/\\\/previews.elleven.digital\\\/paipe\\\/#website\",\"url\":\"https:\\\/\\\/previews.elleven.digital\\\/paipe\\\/\",\"name\":\"Paipe\",\"description\":\"Tecnologia para transformar o futuro\",\"publisher\":{\"@id\":\"https:\\\/\\\/previews.elleven.digital\\\/paipe\\\/#organization\"},\"alternateName\":\"Paipe\",\"potentialAction\":[{\"@type\":\"SearchAction\",\"target\":{\"@type\":\"EntryPoint\",\"urlTemplate\":\"https:\\\/\\\/previews.elleven.digital\\\/paipe\\\/?s={search_term_string}\"},\"query-input\":{\"@type\":\"PropertyValueSpecification\",\"valueRequired\":true,\"valueName\":\"search_term_string\"}}],\"inLanguage\":\"en-US\"},{\"@type\":\"Organization\",\"@id\":\"https:\\\/\\\/previews.elleven.digital\\\/paipe\\\/#organization\",\"name\":\"Paipe\",\"url\":\"https:\\\/\\\/previews.elleven.digital\\\/paipe\\\/\",\"logo\":{\"@type\":\"ImageObject\",\"inLanguage\":\"en-US\",\"@id\":\"https:\\\/\\\/previews.elleven.digital\\\/paipe\\\/#\\\/schema\\\/logo\\\/image\\\/\",\"url\":\"https:\\\/\\\/paipe.com\\\/wp-content\\\/uploads\\\/2025\\\/01\\\/paipe.svg\",\"contentUrl\":\"https:\\\/\\\/paipe.com\\\/wp-content\\\/uploads\\\/2025\\\/01\\\/paipe.svg\",\"width\":156,\"height\":40,\"caption\":\"Paipe\"},\"image\":{\"@id\":\"https:\\\/\\\/previews.elleven.digital\\\/paipe\\\/#\\\/schema\\\/logo\\\/image\\\/\"}}]}<\/script>\n<!-- \/ Yoast SEO plugin. -->","yoast_head_json":{"title":"Privacy Policy - Paipe","description":"Your privacy is important to us. It is Paipe&#039;s policy to respect your privacy regarding any information we may collect from you on our website.","robots":{"index":"index","follow":"follow","max-snippet":"max-snippet:-1","max-image-preview":"max-image-preview:large","max-video-preview":"max-video-preview:-1"},"canonical":"https:\/\/paipe.com\/en\/privacy-policy\/","og_locale":"en_US","og_type":"article","og_title":"Pol\u00edtica de privacidade - Paipe","og_description":"A sua privacidade \u00e9 importante para n\u00f3s. \u00c9 pol\u00edtica\u00a0da Paipe respeitar a sua privacidade em rela\u00e7\u00e3o a qualquer informa\u00e7\u00e3o sua que possamos coletar em nosso site","og_url":"https:\/\/paipe.com\/en\/privacy-policy\/","og_site_name":"Paipe","article_modified_time":"2025-04-07T19:18:57+00:00","og_image":[{"width":1200,"height":675,"url":"https:\/\/paipe.com\/wp-content\/uploads\/2025\/07\/paipe-thumb.webp","type":"image\/png"}],"twitter_card":"summary_large_image","twitter_misc":{"Est. reading time":"7 minutes"},"schema":{"@context":"https:\/\/schema.org","@graph":[{"@type":"WebPage","@id":"https:\/\/paipe.com\/politica-de-privacidade\/","url":"https:\/\/paipe.com\/politica-de-privacidade\/","name":"Privacy Policy - Paipe","isPartOf":{"@id":"https:\/\/previews.elleven.digital\/paipe\/#website"},"datePublished":"2024-10-03T20:08:17+00:00","dateModified":"2025-04-07T19:18:57+00:00","description":"Your privacy is important to us. It is Paipe&#039;s policy to respect your privacy regarding any information we may collect from you on our website.","breadcrumb":{"@id":"https:\/\/paipe.com\/politica-de-privacidade\/#breadcrumb"},"inLanguage":"en-US","potentialAction":[{"@type":"ReadAction","target":["https:\/\/paipe.com\/politica-de-privacidade\/"]}]},{"@type":"BreadcrumbList","@id":"https:\/\/paipe.com\/politica-de-privacidade\/#breadcrumb","itemListElement":[{"@type":"ListItem","position":1,"name":"In\u00edcio","item":"https:\/\/paipe.com\/"},{"@type":"ListItem","position":2,"name":"Pol\u00edtica de privacidade"}]},{"@type":"WebSite","@id":"https:\/\/previews.elleven.digital\/paipe\/#website","url":"https:\/\/previews.elleven.digital\/paipe\/","name":"Dad","description":"Technology to transform the future","publisher":{"@id":"https:\/\/previews.elleven.digital\/paipe\/#organization"},"alternateName":"Paipe","potentialAction":[{"@type":"SearchAction","target":{"@type":"EntryPoint","urlTemplate":"https:\/\/previews.elleven.digital\/paipe\/?s={search_term_string}"},"query-input":{"@type":"PropertyValueSpecification","valueRequired":true,"valueName":"search_term_string"}}],"inLanguage":"en-US"},{"@type":"Organization","@id":"https:\/\/previews.elleven.digital\/paipe\/#organization","name":"Dad","url":"https:\/\/previews.elleven.digital\/paipe\/","logo":{"@type":"ImageObject","inLanguage":"en-US","@id":"https:\/\/previews.elleven.digital\/paipe\/#\/schema\/logo\/image\/","url":"https:\/\/paipe.com\/wp-content\/uploads\/2025\/01\/paipe.svg","contentUrl":"https:\/\/paipe.com\/wp-content\/uploads\/2025\/01\/paipe.svg","width":156,"height":40,"caption":"Paipe"},"image":{"@id":"https:\/\/previews.elleven.digital\/paipe\/#\/schema\/logo\/image\/"}}]}},"_links":{"self":[{"href":"https:\/\/paipe.com\/en\/wp-json\/wp\/v2\/pages\/612","targetHints":{"allow":["GET"]}}],"collection":[{"href":"https:\/\/paipe.com\/en\/wp-json\/wp\/v2\/pages"}],"about":[{"href":"https:\/\/paipe.com\/en\/wp-json\/wp\/v2\/types\/page"}],"author":[{"embeddable":true,"href":"https:\/\/paipe.com\/en\/wp-json\/wp\/v2\/users\/1"}],"replies":[{"embeddable":true,"href":"https:\/\/paipe.com\/en\/wp-json\/wp\/v2\/comments?post=612"}],"version-history":[{"count":3,"href":"https:\/\/paipe.com\/en\/wp-json\/wp\/v2\/pages\/612\/revisions"}],"predecessor-version":[{"id":1381,"href":"https:\/\/paipe.com\/en\/wp-json\/wp\/v2\/pages\/612\/revisions\/1381"}],"wp:attachment":[{"href":"https:\/\/paipe.com\/en\/wp-json\/wp\/v2\/media?parent=612"}],"curies":[{"name":"wp","href":"https:\/\/api.w.org\/{rel}","templated":true}]}}